{"id":330,"date":"2021-10-22T15:12:50","date_gmt":"2021-10-22T13:12:50","guid":{"rendered":"http:\/\/www.nion-nicolas.fr\/?page_id=330"},"modified":"2023-11-03T12:35:50","modified_gmt":"2023-11-03T11:35:50","slug":"experience","status":"publish","type":"page","link":"https:\/\/www.nion-nicolas.fr\/index.php\/experience\/","title":{"rendered":"Exp\u00e9rience"},"content":{"rendered":"\t\t<div data-elementor-type=\"wp-page\" data-elementor-id=\"330\" class=\"elementor elementor-330\" data-elementor-settings=\"[]\">\n\t\t\t\t\t\t\t<div class=\"elementor-section-wrap\">\n\t\t\t\t\t\t\t<section class=\"elementor-section elementor-top-section elementor-element elementor-element-43e71bb2 elementor-section-height-min-height elementor-section-items-stretch elementor-section-content-bottom elementor-section-boxed elementor-section-height-default\" data-id=\"43e71bb2\" data-element_type=\"section\">\n\t\t\t\t\t\t\t<div class=\"elementor-background-overlay\"><\/div>\n\t\t\t\t\t\t\t<div class=\"elementor-container elementor-column-gap-default\">\n\t\t\t\t\t<div class=\"elementor-column elementor-col-100 elementor-top-column elementor-element elementor-element-26e5a50\" data-id=\"26e5a50\" data-element_type=\"column\">\n\t\t\t<div class=\"elementor-widget-wrap elementor-element-populated\">\n\t\t\t\t\t\t\t\t<div class=\"elementor-element elementor-element-373712b elementor-widget elementor-widget-heading\" data-id=\"373712b\" data-element_type=\"widget\" data-widget_type=\"heading.default\">\n\t\t\t\t<div class=\"elementor-widget-container\">\n\t\t\t<h2 class=\"elementor-heading-title elementor-size-default\">Nion Nicolas<\/h2>\t\t<\/div>\n\t\t\t\t<\/div>\n\t\t\t\t<div class=\"elementor-element elementor-element-079bfb2 elementor-widget elementor-widget-spacer\" data-id=\"079bfb2\" data-element_type=\"widget\" data-widget_type=\"spacer.default\">\n\t\t\t\t<div class=\"elementor-widget-container\">\n\t\t\t\t\t<div class=\"elementor-spacer\">\n\t\t\t<div class=\"elementor-spacer-inner\"><\/div>\n\t\t<\/div>\n\t\t\t\t<\/div>\n\t\t\t\t<\/div>\n\t\t\t\t<div class=\"elementor-element elementor-element-fbbc72e elementor-widget elementor-widget-text-editor\" data-id=\"fbbc72e\" data-element_type=\"widget\" data-widget_type=\"text-editor.default\">\n\t\t\t\t<div class=\"elementor-widget-container\">\n\t\t\t\t\t\t\t<p>Professionnels de p\u00e8re en fils.&nbsp;<\/p>\n<p>Dipl\u00f4m\u00e9 du CFA de Livron (2002) &#8211; applicateur peinture,<span style=\"background-color: transparent; letter-spacing: var(--bodyLetterSpacing); text-transform: var(--bodyTextTransform);\">&nbsp;rev\u00eatement mural et sol.<\/span><\/p>\n<p>&#8211; R\u00e9novation boiseries&nbsp;<\/p>\n<p>&#8211; Finition peinture murale d\u00e9corative et essuyable.<\/p>\n<p>&#8211; Plaquiste\/jointeur confirm\u00e9 : montage ossatures m\u00e9talliques pour plafonds, contre-cloisons et cloisons en plaques de pl\u00e2tre de type ba13, ba15, ba18 et coupe feu avec tous types d&#8217;isolants phoniques ou thermiques.<\/p>\n<p>&#8211; Cr\u00e9ation de vo\u00fbtes, de d\u00f4mes, d&#8217;arrondis et d&#8217;arcades en plaques de pl\u00e2tre de types ba6, ba10, ba13 sur ossatures m\u00e9talliques.<\/p>\n<p>&#8211; Pose parquet, sol plastique, pvc, carrelage, fa\u00efence.<\/p>\t\t\t\t\t\t<\/div>\n\t\t\t\t<\/div>\n\t\t\t\t<div class=\"elementor-element elementor-element-f1bb2e1 elementor-widget elementor-widget-spacer\" data-id=\"f1bb2e1\" data-element_type=\"widget\" data-widget_type=\"spacer.default\">\n\t\t\t\t<div class=\"elementor-widget-container\">\n\t\t\t\t\t<div class=\"elementor-spacer\">\n\t\t\t<div class=\"elementor-spacer-inner\"><\/div>\n\t\t<\/div>\n\t\t\t\t<\/div>\n\t\t\t\t<\/div>\n\t\t\t\t<div class=\"elementor-element elementor-element-a1c729f elementor-widget elementor-widget-heading\" data-id=\"a1c729f\" data-element_type=\"widget\" data-widget_type=\"heading.default\">\n\t\t\t\t<div class=\"elementor-widget-container\">\n\t\t\t<h2 class=\"elementor-heading-title elementor-size-default\">Objectif<\/h2>\t\t<\/div>\n\t\t\t\t<\/div>\n\t\t\t\t<div class=\"elementor-element elementor-element-343e8b8 elementor-widget elementor-widget-spacer\" data-id=\"343e8b8\" data-element_type=\"widget\" data-widget_type=\"spacer.default\">\n\t\t\t\t<div class=\"elementor-widget-container\">\n\t\t\t\t\t<div class=\"elementor-spacer\">\n\t\t\t<div class=\"elementor-spacer-inner\"><\/div>\n\t\t<\/div>\n\t\t\t\t<\/div>\n\t\t\t\t<\/div>\n\t\t\t\t<div class=\"elementor-element elementor-element-ddca0b8 elementor-widget elementor-widget-text-editor\" data-id=\"ddca0b8\" data-element_type=\"widget\" data-widget_type=\"text-editor.default\">\n\t\t\t\t<div class=\"elementor-widget-container\">\n\t\t\t\t\t\t\t<p>Nos comp\u00e9tences \u00e0 votre service.<\/p>\t\t\t\t\t\t<\/div>\n\t\t\t\t<\/div>\n\t\t\t\t<div class=\"elementor-element elementor-element-e5393b3 elementor-widget elementor-widget-heading\" data-id=\"e5393b3\" data-element_type=\"widget\" data-widget_type=\"heading.default\">\n\t\t\t\t<div class=\"elementor-widget-container\">\n\t\t\t<h2 class=\"elementor-heading-title elementor-size-default\">Garantie d\u00e9cennale<\/h2>\t\t<\/div>\n\t\t\t\t<\/div>\n\t\t\t\t\t<\/div>\n\t\t<\/div>\n\t\t\t\t\t\t\t<\/div>\n\t\t<\/section>\n\t\t\t\t\t\t<\/div>\n\t\t\t\t\t<\/div>\n\t\t","protected":false},"excerpt":{"rendered":"<p>Nion Nicolas Professionnels de p\u00e8re en fils.&nbsp; Dipl\u00f4m\u00e9 du CFA de Livron (2002) &#8211; applicateur peinture,&nbsp;rev\u00eatement mural et sol. &#8211; R\u00e9novation boiseries&nbsp; &#8211; Finition peinture murale d\u00e9corative et essuyable. &#8211; Plaquiste\/jointeur confirm\u00e9 : montage ossatures m\u00e9talliques pour plafonds, contre-cloisons et cloisons en plaques de pl\u00e2tre de type ba13, ba15, ba18 et coupe feu avec tous&hellip;&nbsp;<a href=\"https:\/\/www.nion-nicolas.fr\/index.php\/experience\/\" class=\"\" rel=\"bookmark\">Read More &raquo;<span class=\"screen-reader-text\">Exp\u00e9rience<\/span><\/a><\/p>\n","protected":false},"author":1,"featured_media":0,"parent":0,"menu_order":0,"comment_status":"closed","ping_status":"closed","template":"page-templates\/template-pagebuilder-full-width.php","meta":{"neve_meta_sidebar":"","neve_meta_container":"","neve_meta_enable_content_width":"off","neve_meta_content_width":100,"neve_meta_title_alignment":"","neve_meta_author_avatar":"","neve_post_elements_order":"","neve_meta_disable_header":"","neve_meta_disable_footer":"","neve_meta_disable_title":"","_themeisle_gutenberg_block_has_review":false,"_ti_tpc_template_sync":false,"_ti_tpc_template_id":""},"_links":{"self":[{"href":"https:\/\/www.nion-nicolas.fr\/index.php\/wp-json\/wp\/v2\/pages\/330"}],"collection":[{"href":"https:\/\/www.nion-nicolas.fr\/index.php\/wp-json\/wp\/v2\/pages"}],"about":[{"href":"https:\/\/www.nion-nicolas.fr\/index.php\/wp-json\/wp\/v2\/types\/page"}],"author":[{"embeddable":true,"href":"https:\/\/www.nion-nicolas.fr\/index.php\/wp-json\/wp\/v2\/users\/1"}],"replies":[{"embeddable":true,"href":"https:\/\/www.nion-nicolas.fr\/index.php\/wp-json\/wp\/v2\/comments?post=330"}],"version-history":[{"count":62,"href":"https:\/\/www.nion-nicolas.fr\/index.php\/wp-json\/wp\/v2\/pages\/330\/revisions"}],"predecessor-version":[{"id":970,"href":"https:\/\/www.nion-nicolas.fr\/index.php\/wp-json\/wp\/v2\/pages\/330\/revisions\/970"}],"wp:attachment":[{"href":"https:\/\/www.nion-nicolas.fr\/index.php\/wp-json\/wp\/v2\/media?parent=330"}],"curies":[{"name":"wp","href":"https:\/\/api.w.org\/{rel}","templated":true}]}}